{"id":611,"date":"2018-03-12T14:44:59","date_gmt":"2018-03-12T14:44:59","guid":{"rendered":"http:\/\/www.juanguzmanfoundation.org\/?page_id=611"},"modified":"2018-03-19T20:23:20","modified_gmt":"2018-03-19T20:23:20","slug":"partnership","status":"publish","type":"page","link":"https:\/\/www.juanguzmanfoundation.org\/es\/partnership\/","title":{"rendered":"Ser un Socio"},"content":{"rendered":"[mk_page_section bg_video=&#8221;yes&#8221; video_source=&#8221;social&#8221; stream_video_id=&#8221;4FcS14nkmUw&amp;t=3s&#8221; stream_sound=&#8221;true&#8221; video_loop=&#8221;false&#8221; video_color_mask=&#8221;#0a0a0a&#8221; video_opacity=&#8221;0.4&#8243; padding_top=&#8221;120&#8243; padding_bottom=&#8221;120&#8243; sidebar=&#8221;sidebar-1&#8243;][vc_column][mk_fancy_title tag_name=&#8221;span&#8221; color=&#8221;#ffffff&#8221; size=&#8221;45&#8243; font_weight=&#8221;bold&#8221; margin_bottom=&#8221;0&#8243; font_family=&#8221;none&#8221; align=&#8221;center&#8221;]SER SOCIO[\/mk_fancy_title][vc_row_inner][vc_column_inner width=&#8221;1\/6&#8243;][\/vc_column_inner][vc_column_inner width=&#8221;4\/6&#8243;][mk_fancy_title tag_name=&#8221;span&#8221; color=&#8221;#ffffff&#8221; size=&#8221;20&#8243; font_weight=&#8221;300&#8243; margin_bottom=&#8221;0&#8243; font_family=&#8221;none&#8221; align=&#8221;center&#8221;]\n<p style=\"text-align: center;\">Gracias a tus donaciones podemos ayudar a los ni\u00f1os a cambiar sus vidas y tener un futuro mejor.<\/p>\n[\/mk_fancy_title][\/vc_column_inner][vc_column_inner width=&#8221;1\/6&#8243;][\/vc_column_inner][\/vc_row_inner][mk_button dimension=&#8221;flat&#8221; corner_style=&#8221;full_rounded&#8221; size=&#8221;medium&#8221; icon=&#8221;mk-moon-arrow-right-5&#8243; url=&#8221;http:\/\/juanguzmanfoundation.org\/donate?partner=true&#8221; align=&#8221;center&#8221; margin_top=&#8221;5&#8243; margin_bottom=&#8221;20&#8243; margin_right=&#8221;0&#8243; bg_color=&#8221;#ea3029&#8243; btn_hover_bg=&#8221;#ea2019&#8243;]SER SOCIO[\/mk_button][\/vc_column][\/mk_page_section][vc_row css=&#8221;.vc_custom_1521236142424{padding-bottom: 30px !important;}&#8221;][vc_column][mk_fancy_title tag_name=&#8221;span&#8221; color=&#8221;#001e54&#8243; size=&#8221;35&#8243; font_weight=&#8221;bold&#8221; margin_top=&#8221;40&#8243; margin_bottom=&#8221;15&#8243; font_family=&#8221;none&#8221; align=&#8221;center&#8221;]ESPERANZA &amp; FUTURO[\/mk_fancy_title][vc_row_inner][vc_column_inner width=&#8221;1\/12&#8243;][\/vc_column_inner][vc_column_inner width=&#8221;10\/12&#8243;][vc_column_text css=&#8221;.vc_custom_1521490661286{margin-bottom: 0px !important;}&#8221;]\n<p style=\"text-align: center;\">Cuando se asocia con nosotros, nos ayuda a brindar una soluci\u00f3n para las aflicciones que enfrentan nuestros ni\u00f1os. Con su ayuda, nuestra Fundaci\u00f3n trabaja d\u00eda a d\u00eda para transmitir los valores cristianos y humanos a los sectores vulnerables, a trav\u00e9s de programas centrados en lo espiritual, los deportes, la educaci\u00f3n y las artes. Creemos firmemente que cada ni\u00f1o merece un futuro. Hacemos lo que sea necesario para que los ni\u00f1os, todos los d\u00edas y en tiempos de crisis, transformen sus vidas y el futuro que compartimos. Juntos logramos resultados, juntos cambiamos vidas.<\/p>\n[\/vc_column_text][\/vc_column_inner][vc_column_inner width=&#8221;1\/12&#8243;][\/vc_column_inner][\/vc_row_inner][\/vc_column][\/vc_row][vc_row fullwidth=&#8221;true&#8221; fullwidth_content=&#8221;false&#8221; css=&#8221;.vc_custom_1521236345670{background-color: #fafafa !important;}&#8221;][vc_column][mk_fancy_title tag_name=&#8221;span&#8221; color=&#8221;#001e54&#8243; size=&#8221;26&#8243; font_weight=&#8221;bold&#8221; margin_top=&#8221;55&#8243; margin_bottom=&#8221;35&#8243; font_family=&#8221;none&#8221; align=&#8221;center&#8221;]\n<div class=\"container\">\n<div class=\"section_title title center_align\">Tu aporte como socio apoyar\u00e1 lo siguiente<\/div>\n<\/div>\n[\/mk_fancy_title][vc_row_inner][vc_column_inner width=&#8221;6\/12&#8243;][mk_fancy_title tag_name=&#8221;span&#8221; color=&#8221;#001e54&#8243; size=&#8221;22&#8243; font_weight=&#8221;400&#8243; margin_top=&#8221;60&#8243; margin_bottom=&#8221;5&#8243; font_family=&#8221;none&#8221;]\n<div class=\"container\">\n<div class=\"section_title title center_align\">DEPORTES<\/div>\n<\/div>\n[\/mk_fancy_title][mk_divider style=&#8221;thick_solid&#8221; divider_width=&#8221;custom_width&#8221; custom_width=&#8221;60&#8243; align=&#8221;left&#8221; border_color=&#8221;#ea3029&#8243; margin_top=&#8221;0&#8243; visibility=&#8221;hidden-sm&#8221;][vc_column_text css=&#8221;.vc_custom_1521490734484{margin-bottom: 0px !important;}&#8221;]La Fundaci\u00f3n Juan Guzm\u00e1n ofrece a los ni\u00f1os clases de entrenamiento de habilidades diarias para ayudarlos a desarrollarse en diferentes deportes: b\u00e9isbol, baloncesto, f\u00fatbol, etc. Nuestro objetivo es generar confianza, autoestima y autodisciplina mediante el desarrollo de habilidades.<\/p>\n<p>Tambi\u00e9n nos enfocamos en desarrollar las mentes de nuestros ni\u00f1os, esto es clave para hacer que nuestros ni\u00f1os sean m\u00e1s r\u00e1pidos y explosivos al eliminar el pensamiento.[\/vc_column_text][\/vc_column_inner][vc_column_inner width=&#8221;6\/12&#8243;][vc_single_image image=&#8221;996&#8243; img_size=&#8221;full&#8221; alignment=&#8221;center&#8221;][\/vc_column_inner][\/vc_row_inner][vc_row_inner css=&#8221;.vc_custom_1521237207149{margin-top: 50px !important;}&#8221;][vc_column_inner width=&#8221;6\/12&#8243;][vc_single_image image=&#8221;645&#8243; img_size=&#8221;full&#8221; alignment=&#8221;center&#8221;][\/vc_column_inner][vc_column_inner width=&#8221;6\/12&#8243;][mk_fancy_title tag_name=&#8221;span&#8221; color=&#8221;#001e54&#8243; size=&#8221;22&#8243; font_weight=&#8221;400&#8243; margin_top=&#8221;60&#8243; margin_bottom=&#8221;5&#8243; font_family=&#8221;none&#8221;]\n<div class=\"container\">\n<div class=\"section_title title center_align\">TRABAJO SOCIAL<\/div>\n<\/div>\n[\/mk_fancy_title][mk_divider style=&#8221;thick_solid&#8221; divider_width=&#8221;custom_width&#8221; custom_width=&#8221;60&#8243; align=&#8221;left&#8221; border_color=&#8221;#ea3029&#8243; margin_top=&#8221;0&#8243; visibility=&#8221;hidden-sm&#8221;][vc_column_text css=&#8221;.vc_custom_1521490766685{margin-bottom: 0px !important;}&#8221;]Continuamente nos esforzamos por ayudar a nuestros ni\u00f1os a llevar vidas mejores y m\u00e1s saludables y a fortalecer las comunidades en las que viven. Nuestros esfuerzos de defensa de la fundaci\u00f3n y ayuda para apoyar esta misi\u00f3n.<\/p>\n<p>Nuestro trabajo tiene como objetivo restablecer las probabilidades para que las personas tengan un conjunto mejorado de oportunidades para vivir vidas saludables, econ\u00f3micamente estables y autodeterminadas.[\/vc_column_text][\/vc_column_inner][\/vc_row_inner][vc_row_inner css=&#8221;.vc_custom_1521237532311{margin-top: 50px !important;}&#8221;][vc_column_inner width=&#8221;6\/12&#8243;][mk_fancy_title tag_name=&#8221;span&#8221; color=&#8221;#001e54&#8243; size=&#8221;22&#8243; font_weight=&#8221;400&#8243; margin_top=&#8221;60&#8243; margin_bottom=&#8221;5&#8243; font_family=&#8221;none&#8221;]\n<div class=\"container\">\n<div class=\"section_title title center_align\">EDUCACI\u00d3N<\/div>\n<\/div>\n[\/mk_fancy_title][mk_divider style=&#8221;thick_solid&#8221; divider_width=&#8221;custom_width&#8221; custom_width=&#8221;60&#8243; align=&#8221;left&#8221; border_color=&#8221;#ea3029&#8243; margin_top=&#8221;0&#8243; visibility=&#8221;hidden-sm&#8221;][vc_column_text css=&#8221;.vc_custom_1521490824003{margin-bottom: 0px !important;}&#8221;]Nuestra Fundaci\u00f3n se dedica a transformar la educaci\u00f3n para que todos los ni\u00f1os puedan adquirir y aplicar efectivamente los conocimientos, las actitudes y las habilidades necesarias para prosperar en sus estudios, carreras y vidas adultas.<\/p>\n<p>Financiamos esfuerzos para ampliar las oportunidades de aprendizaje y los apoyos para los ni\u00f1os, en particular los de comunidades de ingresos bajos.[\/vc_column_text][\/vc_column_inner][vc_column_inner width=&#8221;6\/12&#8243;][vc_single_image image=&#8221;733&#8243; img_size=&#8221;full&#8221; alignment=&#8221;center&#8221;][\/vc_column_inner][\/vc_row_inner][vc_row_inner css=&#8221;.vc_custom_1521237207149{margin-top: 50px !important;}&#8221;][vc_column_inner width=&#8221;6\/12&#8243;][vc_single_image image=&#8221;698&#8243; img_size=&#8221;full&#8221; alignment=&#8221;center&#8221;][\/vc_column_inner][vc_column_inner width=&#8221;6\/12&#8243;][mk_fancy_title tag_name=&#8221;span&#8221; color=&#8221;#001e54&#8243; size=&#8221;22&#8243; font_weight=&#8221;400&#8243; margin_top=&#8221;60&#8243; margin_bottom=&#8221;5&#8243; font_family=&#8221;none&#8221;]\n<div class=\"container\">\n<div class=\"section_title title center_align\">TORNEOS<\/div>\n<\/div>\n[\/mk_fancy_title][mk_divider style=&#8221;thick_solid&#8221; divider_width=&#8221;custom_width&#8221; custom_width=&#8221;60&#8243; align=&#8221;left&#8221; border_color=&#8221;#ea3029&#8243; margin_top=&#8221;0&#8243; visibility=&#8221;hidden-sm&#8221;][vc_column_text css=&#8221;.vc_custom_1521490853984{margin-bottom: 0px !important;}&#8221;]Nuestra Fundaci\u00f3n tambi\u00e9n promueve torneos, recientemente tuvimos un Intercambio Internacional de B\u00e9isbol Canad\u00e1 &#8211; Rep\u00fablica Dominicana gracias al trabajo en equipo entre Caribbean Baseball Goodwill Tours y la Fundaci\u00f3n Juan Guzm\u00e1n.<\/p>\n<p>Los torneos ayudan a nuestros ni\u00f1os a sentirse motivados y buscan un futuro mejor para sus vidas, gracias a sus donaciones podemos lograr esto y mucho m\u00e1s.[\/vc_column_text][\/vc_column_inner][\/vc_row_inner][vc_row_inner css=&#8221;.vc_custom_1521237532311{margin-top: 50px !important;}&#8221;][vc_column_inner width=&#8221;6\/12&#8243;][mk_fancy_title tag_name=&#8221;span&#8221; color=&#8221;#001e54&#8243; size=&#8221;22&#8243; font_weight=&#8221;400&#8243; margin_top=&#8221;60&#8243; margin_bottom=&#8221;5&#8243; font_family=&#8221;none&#8221;]\n<div class=\"container\">\n<div class=\"section_title title center_align\">ESPIRITUAL<\/div>\n<\/div>\n[\/mk_fancy_title][mk_divider style=&#8221;thick_solid&#8221; divider_width=&#8221;custom_width&#8221; custom_width=&#8221;60&#8243; align=&#8221;left&#8221; border_color=&#8221;#ea3029&#8243; margin_top=&#8221;0&#8243; visibility=&#8221;hidden-sm&#8221;][vc_column_text css=&#8221;.vc_custom_1521490886374{margin-bottom: 0px !important;}&#8221;]Estamos llamados a compartir los muchos dones y talentos que hemos recibido de Dios. Promoviendo los principios de Orar, Servir, Dar, la Fundaci\u00f3n ayuda a nuestra comunidad con educaci\u00f3n, capacitaci\u00f3n y materiales.<\/p>\n<p>Se nos anima a vivir nuestras vidas como disc\u00edpulos de Cristo compartiendo lo que tenemos con los dem\u00e1s, respetando a nuestros vecinos y asistiendo a los menos afortunados.[\/vc_column_text][\/vc_column_inner][vc_column_inner width=&#8221;6\/12&#8243;][vc_single_image image=&#8221;766&#8243; img_size=&#8221;full&#8221; alignment=&#8221;center&#8221;][\/vc_column_inner][\/vc_row_inner][vc_row_inner css=&#8221;.vc_custom_1521237207149{margin-top: 50px !important;}&#8221;][vc_column_inner width=&#8221;6\/12&#8243;][vc_single_image image=&#8221;749&#8243; img_size=&#8221;full&#8221; alignment=&#8221;center&#8221;][\/vc_column_inner][vc_column_inner width=&#8221;6\/12&#8243;][mk_fancy_title tag_name=&#8221;span&#8221; color=&#8221;#001e54&#8243; size=&#8221;22&#8243; font_weight=&#8221;400&#8243; margin_top=&#8221;60&#8243; margin_bottom=&#8221;5&#8243; font_family=&#8221;none&#8221;]\n<div class=\"container\">\n<div class=\"section_title title center_align\">TALLERES<\/div>\n<\/div>\n[\/mk_fancy_title][mk_divider style=&#8221;thick_solid&#8221; divider_width=&#8221;custom_width&#8221; custom_width=&#8221;60&#8243; align=&#8221;left&#8221; border_color=&#8221;#ea3029&#8243; margin_top=&#8221;0&#8243; visibility=&#8221;hidden-sm&#8221;][vc_column_text css=&#8221;.vc_custom_1521490915756{margin-bottom: 0px !important;}&#8221;]\n<div class=\"donate-intro\">\n<p>La Fundaci\u00f3n Juan Guzm\u00e1n a menudo desarrolla talleres para fortalecer el conocimiento de los miembros de la fundaci\u00f3n, tanto ni\u00f1os como adultos.<\/p>\n<p>Nos enfocamos en mejorar nuestra comunidad a trav\u00e9s de impartir conocimiento, cada uno de los talleres que hacemos es gracias a sus donaciones y ayuda<\/p>\n<\/div>\n[\/vc_column_text][\/vc_column_inner][\/vc_row_inner][\/vc_column][\/vc_row][vc_row fullwidth=&#8221;true&#8221; css=&#8221;.vc_custom_1520542101211{background-color: #001e54 !important;}&#8221;][vc_column css=&#8221;.vc_custom_1520549147495{margin-right: 0px !important;margin-left: 0px !important;padding-top: -40px !important;padding-right: 0px !important;padding-left: 0px !important;}&#8221;][mk_fancy_title tag_name=&#8221;span&#8221; color=&#8221;#ffffff&#8221; size=&#8221;32&#8243; font_weight=&#8221;bold&#8221; margin_top=&#8221;50&#8243; margin_bottom=&#8221;0&#8243; font_family=&#8221;none&#8221; align=&#8221;center&#8221; el_class=&#8221;arriba&#8221;]SEA UN SOCIO DE NUESTRA FUNDACI\u00d3N[\/mk_fancy_title][vc_row_inner el_class=&#8221;arriba&#8221;][vc_column_inner width=&#8221;1\/6&#8243;][\/vc_column_inner][vc_column_inner width=&#8221;4\/6&#8243;][vc_column_text css=&#8221;.vc_custom_1521490970725{margin-bottom: 0px !important;}&#8221;]\n<p class=\"p1\" style=\"text-align: center;\"><span class=\"s1\" style=\"color: #ffffff;\">Tu donaci\u00f3n es muy importante para nosotros, con tu ayudas podemos hacer que los sue\u00f1os de muchos se hagan realidad, ay\u00fadanos a ayudar<\/span><\/p>\n[\/vc_column_text][mk_button dimension=&#8221;flat&#8221; corner_style=&#8221;full_rounded&#8221; size=&#8221;medium&#8221; icon=&#8221;mk-moon-arrow-right-5&#8243; url=&#8221;http:\/\/juanguzmanfoundation.org\/donate?partner=true&#8221; align=&#8221;center&#8221; margin_top=&#8221;5&#8243; margin_bottom=&#8221;20&#8243; margin_right=&#8221;0&#8243; bg_color=&#8221;#ea3029&#8243; btn_hover_bg=&#8221;#ea2019&#8243;]SER UN SOCIO[\/mk_button][vc_column_text css=&#8221;.vc_custom_1521490995453{margin-bottom: 0px !important;}&#8221;]\n<p class=\"p1\" style=\"text-align: center;\"><span class=\"s1\" style=\"color: #ffffff;\"><b>Para Cheques:<\/b><br \/>\n<\/span><span class=\"s1\" style=\"color: #ffffff;\">P.O BOX 267338 Weston, Fl 33326<\/span><\/p>\n[\/vc_column_text][\/vc_column_inner][vc_column_inner width=&#8221;1\/6&#8243;][\/vc_column_inner][\/vc_row_inner][vc_raw_html el_class=&#8221;bgbird&#8221;]JTNDaW1nJTIwc3JjJTNEJTIyaHR0cCUzQSUyRiUyRmp1YW5ndXptYW5mb3VuZGF0aW9uLm9yZyUyRm5ld3NpdGUlMkZ3cC1jb250ZW50JTJGdXBsb2FkcyUyRjIwMTglMkYwMyUyRmljb25qZy5wbmclMjIlMjBzdHlsZSUzRCUyMnBvc2l0aW9uJTNBJTIwYWJzb2x1dGUlM0IlMjIlM0U=[\/vc_raw_html][\/vc_column][\/vc_row]","protected":false},"excerpt":{"rendered":"<p>[mk_page_section bg_video=&#8221;yes&#8221; video_source=&#8221;social&#8221; stream_video_id=&#8221;4FcS14nkmUw&amp;t=3s&#8221; stream_sound=&#8221;true&#8221; video_loop=&#8221;false&#8221; video_color_mask=&#8221;#0a0a0a&#8221; video_opacity=&#8221;0.4&#8243; padding_top=&#8221;120&#8243; padding_bottom=&#8221;120&#8243; sidebar=&#8221;sidebar-1&#8243;][vc_column][mk_fancy_title tag_name=&#8221;span&#8221; color=&#8221;#ffffff&#8221; size=&#8221;45&#8243; font_weight=&#8221;bold&#8221; margin_bottom=&#8221;0&#8243; font_family=&#8221;none&#8221; align=&#8221;center&#8221;]SER SOCIO[\/mk_fancy_title][vc_row_inner][vc_column_inner width=&#8221;1\/6&#8243;][\/vc_column_inner][vc_column_inner width=&#8221;4\/6&#8243;][mk_fancy_title tag_name=&#8221;span&#8221; color=&#8221;#ffffff&#8221; size=&#8221;20&#8243; font_weight=&#8221;300&#8243; margin_bottom=&#8221;0&#8243; font_family=&#8221;none&#8221; align=&#8221;center&#8221;] Gracias a tus donaciones podemos ayudar a los ni\u00f1os a cambiar sus vidas y tener un futuro mejor. [\/mk_fancy_title][\/vc_column_inner][vc_column_inner width=&#8221;1\/6&#8243;][\/vc_column_inner][\/vc_row_inner][mk_button dimension=&#8221;flat&#8221; corner_style=&#8221;full_rounded&#8221; size=&#8221;medium&#8221; icon=&#8221;mk-moon-arrow-right-5&#8243; url=&#8221;http:\/\/juanguzmanfoundation.org\/donate?partner=true&#8221; align=&#8221;center&#8221; margin_top=&#8221;5&#8243; [&hellip;]<\/p>\n","protected":false},"author":1,"featured_media":0,"parent":0,"menu_order":0,"comment_status":"closed","ping_status":"closed","template":"","meta":{"footnotes":""},"class_list":["post-611","page","type-page","status-publish","hentry"],"_links":{"self":[{"href":"https:\/\/www.juanguzmanfoundation.org\/es\/wp-json\/wp\/v2\/pages\/611","targetHints":{"allow":["GET"]}}],"collection":[{"href":"https:\/\/www.juanguzmanfoundation.org\/es\/wp-json\/wp\/v2\/pages"}],"about":[{"href":"https:\/\/www.juanguzmanfoundation.org\/es\/wp-json\/wp\/v2\/types\/page"}],"author":[{"embeddable":true,"href":"https:\/\/www.juanguzmanfoundation.org\/es\/wp-json\/wp\/v2\/users\/1"}],"replies":[{"embeddable":true,"href":"https:\/\/www.juanguzmanfoundation.org\/es\/wp-json\/wp\/v2\/comments?post=611"}],"version-history":[{"count":1,"href":"https:\/\/www.juanguzmanfoundation.org\/es\/wp-json\/wp\/v2\/pages\/611\/revisions"}],"predecessor-version":[{"id":1121,"href":"https:\/\/www.juanguzmanfoundation.org\/es\/wp-json\/wp\/v2\/pages\/611\/revisions\/1121"}],"wp:attachment":[{"href":"https:\/\/www.juanguzmanfoundation.org\/es\/wp-json\/wp\/v2\/media?parent=611"}],"curies":[{"name":"wp","href":"https:\/\/api.w.org\/{rel}","templated":true}]}}