{"id":568,"date":"2018-03-12T14:12:44","date_gmt":"2018-03-12T14:12:44","guid":{"rendered":"http:\/\/www.juanguzmanfoundation.org\/?page_id=568"},"modified":"2022-04-30T12:52:42","modified_gmt":"2022-04-30T12:52:42","slug":"events","status":"publish","type":"page","link":"https:\/\/www.juanguzmanfoundation.org\/es\/events\/","title":{"rendered":"Eventos"},"content":{"rendered":"[vc_row][vc_column][mk_fancy_title tag_name=&#8221;span&#8221; color=&#8221;#001e54&#8243; size=&#8221;27&#8243; font_weight=&#8221;bold&#8221; margin_top=&#8221;40&#8243; margin_bottom=&#8221;12&#8243; font_family=&#8221;none&#8221;]PR\u00d3XIMOS EVENTOS[\/mk_fancy_title][\/vc_column][\/vc_row][vc_row][vc_column][vc_column_text css=&#8221;.vc_custom_1521224940326{margin-bottom: 0px !important;}&#8221;][\/vc_column_text][\/vc_column][\/vc_row][vc_row][vc_column][mk_fancy_title tag_name=&#8221;span&#8221; color=&#8221;#001e54&#8243; size=&#8221;27&#8243; font_weight=&#8221;bold&#8221; margin_top=&#8221;40&#8243; margin_bottom=&#8221;12&#8243; font_family=&#8221;none&#8221;]EVENTOS PASADOS[\/mk_fancy_title][\/vc_column][\/vc_row][vc_row][vc_column][mk_photo_album space=&#8221;10&#8243; album_height=&#8221;350&#8243; count=&#8221;-1&#8243; pagination=&#8221;false&#8221; show_title_desc_without_hover=&#8221;true&#8221; title_preview_style=&#8221;gradient&#8221;][\/vc_column][\/vc_row][vc_row fullwidth=&#8221;true&#8221; css=&#8221;.vc_custom_1520542101211{background-color: #001e54 !important;}&#8221;][vc_column css=&#8221;.vc_custom_1520549147495{margin-right: 0px !important;margin-left: 0px !important;padding-top: -40px !important;padding-right: 0px !important;padding-left: 0px !important;}&#8221;][mk_fancy_title tag_name=&#8221;span&#8221; color=&#8221;#ffffff&#8221; size=&#8221;32&#8243; font_weight=&#8221;bold&#8221; margin_top=&#8221;50&#8243; margin_bottom=&#8221;0&#8243; font_family=&#8221;none&#8221; align=&#8221;center&#8221; el_class=&#8221;arriba&#8221;]DONACIONES[\/mk_fancy_title][vc_row_inner el_class=&#8221;arriba&#8221;][vc_column_inner width=&#8221;1\/6&#8243;][\/vc_column_inner][vc_column_inner width=&#8221;4\/6&#8243;][vc_column_text css=&#8221;.vc_custom_1521492165881{margin-bottom: 0px !important;}&#8221;]\n<p class=\"p1\" style=\"text-align: center;\"><span class=\"s1\" style=\"color: #ffffff;\">Tu donaci\u00f3n es muy importante para nosotros, con tu ayudas podemos hacer que los sue\u00f1os de muchos se hagan realidad, ay\u00fadanos a ayudar<\/span><\/p>\n[\/vc_column_text][mk_button dimension=&#8221;flat&#8221; corner_style=&#8221;full_rounded&#8221; size=&#8221;medium&#8221; icon=&#8221;mk-moon-arrow-right-5&#8243; url=&#8221;http:\/\/www.juanguzmanfoundation.org\/donate\/?for=Events&#8221; align=&#8221;center&#8221; margin_top=&#8221;5&#8243; margin_bottom=&#8221;20&#8243; margin_right=&#8221;0&#8243; bg_color=&#8221;#ea3029&#8243; btn_hover_bg=&#8221;#ea2019&#8243;]DONAR AHORA[\/mk_button][vc_column_text css=&#8221;.vc_custom_1521492187507{margin-bottom: 0px !important;}&#8221;]\n<p class=\"p1\" style=\"text-align: center;\"><span class=\"s1\" style=\"color: #ffffff;\"><b>Para Cheques:<\/b><br \/>\n<\/span><span class=\"s1\" style=\"color: #ffffff;\">P.O BOX 267338 Weston, Fl 33326<\/span><\/p>\n[\/vc_column_text][\/vc_column_inner][vc_column_inner width=&#8221;1\/6&#8243;][\/vc_column_inner][\/vc_row_inner][vc_raw_html el_class=&#8221;bgbird&#8221;]JTNDaW1nJTIwc3JjJTNEJTIyaHR0cCUzQSUyRiUyRmp1YW5ndXptYW5mb3VuZGF0aW9uLm9yZyUyRm5ld3NpdGUlMkZ3cC1jb250ZW50JTJGdXBsb2FkcyUyRjIwMTglMkYwMyUyRmljb25qZy5wbmclMjIlMjBzdHlsZSUzRCUyMnBvc2l0aW9uJTNBJTIwYWJzb2x1dGUlM0IlMjIlM0U=[\/vc_raw_html][\/vc_column][\/vc_row]","protected":false},"excerpt":{"rendered":"<p>[vc_row][vc_column][mk_fancy_title tag_name=&#8221;span&#8221; color=&#8221;#001e54&#8243; size=&#8221;27&#8243; font_weight=&#8221;bold&#8221; margin_top=&#8221;40&#8243; margin_bottom=&#8221;12&#8243; font_family=&#8221;none&#8221;]PR\u00d3XIMOS EVENTOS[\/mk_fancy_title][\/vc_column][\/vc_row][vc_row][vc_column][vc_column_text css=&#8221;.vc_custom_1521224940326{margin-bottom: 0px !important;}&#8221;][\/vc_column_text][\/vc_column][\/vc_row][vc_row][vc_column][mk_fancy_title tag_name=&#8221;span&#8221; color=&#8221;#001e54&#8243; size=&#8221;27&#8243; font_weight=&#8221;bold&#8221; margin_top=&#8221;40&#8243; margin_bottom=&#8221;12&#8243; font_family=&#8221;none&#8221;]EVENTOS PASADOS[\/mk_fancy_title][\/vc_column][\/vc_row][vc_row][vc_column][mk_photo_album space=&#8221;10&#8243; album_height=&#8221;350&#8243; count=&#8221;-1&#8243; pagination=&#8221;false&#8221; show_title_desc_without_hover=&#8221;true&#8221; title_preview_style=&#8221;gradient&#8221;][\/vc_column][\/vc_row][vc_row fullwidth=&#8221;true&#8221; css=&#8221;.vc_custom_1520542101211{background-color: #001e54 !important;}&#8221;][vc_column css=&#8221;.vc_custom_1520549147495{margin-right: 0px !important;margin-left: 0px !important;padding-top: -40px !important;padding-right: 0px !important;padding-left: 0px !important;}&#8221;][mk_fancy_title tag_name=&#8221;span&#8221; color=&#8221;#ffffff&#8221; size=&#8221;32&#8243; font_weight=&#8221;bold&#8221; margin_top=&#8221;50&#8243; margin_bottom=&#8221;0&#8243; font_family=&#8221;none&#8221; align=&#8221;center&#8221; el_class=&#8221;arriba&#8221;]DONACIONES[\/mk_fancy_title][vc_row_inner el_class=&#8221;arriba&#8221;][vc_column_inner width=&#8221;1\/6&#8243;][\/vc_column_inner][vc_column_inner width=&#8221;4\/6&#8243;][vc_column_text css=&#8221;.vc_custom_1521492165881{margin-bottom: 0px [&hellip;]<\/p>\n","protected":false},"author":1,"featured_media":0,"parent":0,"menu_order":0,"comment_status":"closed","ping_status":"closed","template":"","meta":{"footnotes":""},"class_list":["post-568","page","type-page","status-publish","hentry"],"_links":{"self":[{"href":"https:\/\/www.juanguzmanfoundation.org\/es\/wp-json\/wp\/v2\/pages\/568","targetHints":{"allow":["GET"]}}],"collection":[{"href":"https:\/\/www.juanguzmanfoundation.org\/es\/wp-json\/wp\/v2\/pages"}],"about":[{"href":"https:\/\/www.juanguzmanfoundation.org\/es\/wp-json\/wp\/v2\/types\/page"}],"author":[{"embeddable":true,"href":"https:\/\/www.juanguzmanfoundation.org\/es\/wp-json\/wp\/v2\/users\/1"}],"replies":[{"embeddable":true,"href":"https:\/\/www.juanguzmanfoundation.org\/es\/wp-json\/wp\/v2\/comments?post=568"}],"version-history":[{"count":3,"href":"https:\/\/www.juanguzmanfoundation.org\/es\/wp-json\/wp\/v2\/pages\/568\/revisions"}],"predecessor-version":[{"id":2075,"href":"https:\/\/www.juanguzmanfoundation.org\/es\/wp-json\/wp\/v2\/pages\/568\/revisions\/2075"}],"wp:attachment":[{"href":"https:\/\/www.juanguzmanfoundation.org\/es\/wp-json\/wp\/v2\/media?parent=568"}],"curies":[{"name":"wp","href":"https:\/\/api.w.org\/{rel}","templated":true}]}}