{"id":241,"date":"2018-03-08T21:57:50","date_gmt":"2018-03-08T21:57:50","guid":{"rendered":"http:\/\/www.juanguzmanfoundation.org\/?page_id=241"},"modified":"2022-06-06T19:53:21","modified_gmt":"2022-06-06T19:53:21","slug":"sports","status":"publish","type":"page","link":"https:\/\/www.juanguzmanfoundation.org\/es\/sports\/","title":{"rendered":"Deportes"},"content":{"rendered":"[mk_page_section padding_top=&#8221;50&#8243; padding_bottom=&#8221;70&#8243; section_id=&#8221;aboutus&#8221; sidebar=&#8221;sidebar-1&#8243;][vc_column][vc_row_inner][vc_column_inner width=&#8221;5\/12&#8243;][mk_fancy_title tag_name=&#8221;span&#8221; color=&#8221;#001e54&#8243; size=&#8221;27&#8243; font_weight=&#8221;bold&#8221; margin_top=&#8221;40&#8243; margin_bottom=&#8221;12&#8243; font_family=&#8221;none&#8221;]DEPORTES[\/mk_fancy_title][mk_divider style=&#8221;thin_solid&#8221; divider_width=&#8221;custom_width&#8221; custom_width=&#8221;60&#8243; align=&#8221;left&#8221; thin_single_color=&#8221;#e22f27&#8243; thickness=&#8221;3&#8243; margin_top=&#8221;0&#8243; visibility=&#8221;hidden-sm&#8221;][vc_column_text css=&#8221;.vc_custom_1521488953282{margin-bottom: 0px !important;}&#8221;]\n<p class=\"p1\" style=\"text-align: left;\">La Fundaci\u00f3n Juan Guzm\u00e1n ofrece a los ni\u00f1os clases de entrenamiento de habilidades diarias para ayudarlos a desarrollarse en diferentes deportes: b\u00e9isbol, baloncesto, f\u00fatbol, voleybal, etc.<\/p>\n<p class=\"p1\" style=\"text-align: left;\">Nuestro objetivo es generar confianza, autoestima y autodisciplina mediante el desarrollo de habilidades.<\/p>\n<p>Tambi\u00e9n nos enfocamos en desarrollar las mentes de nuestros ni\u00f1os, esto es clave para hacer que nuestros ni\u00f1os sean m\u00e1s r\u00e1pidos y explosivos al eliminar el pensamiento, de modo que cuando juegan pueden leer y reaccionar sin vacilaci\u00f3n en el campo.[\/vc_column_text][\/vc_column_inner][vc_column_inner width=&#8221;1\/12&#8243;][\/vc_column_inner][vc_column_inner width=&#8221;6\/12&#8243; css=&#8221;.vc_custom_1520746082676{padding-top: 30px !important;}&#8221;][mk_image src=&#8221;http:\/\/www.juanguzmanfoundation.org\/wp-content\/uploads\/2018\/03\/37.jpg&#8221; image_size=&#8221;full&#8221; align=&#8221;center&#8221; margin_bottom=&#8221;0&#8243;][\/vc_column_inner][\/vc_row_inner][\/vc_column][\/mk_page_section][vc_row fullwidth=&#8221;true&#8221; css=&#8221;.vc_custom_1520745489898{border-bottom-width: 12px !important;border-bottom-color: #dd3333 !important;border-bottom-style: solid !important;}&#8221;][vc_column][mk_gallery images=&#8221;713,714,716,717,718,719,720,721,722,723,724,727&#8243; column=&#8221;4&#8243; height=&#8221;180&#8243; item_spacing=&#8221;0&#8243; margin_bottom=&#8221;0&#8243;][\/vc_column][\/vc_row][vc_row fullwidth=&#8221;true&#8221; css=&#8221;.vc_custom_1520542101211{background-color: #001e54 !important;}&#8221;][vc_column css=&#8221;.vc_custom_1520549147495{margin-right: 0px !important;margin-left: 0px !important;padding-top: -40px !important;padding-right: 0px !important;padding-left: 0px !important;}&#8221;][mk_fancy_title tag_name=&#8221;span&#8221; color=&#8221;#ffffff&#8221; size=&#8221;32&#8243; font_weight=&#8221;bold&#8221; margin_top=&#8221;50&#8243; margin_bottom=&#8221;0&#8243; font_family=&#8221;none&#8221; align=&#8221;center&#8221; el_class=&#8221;arriba&#8221;]DONACIONES[\/mk_fancy_title][vc_row_inner el_class=&#8221;arriba&#8221;][vc_column_inner width=&#8221;1\/6&#8243;][\/vc_column_inner][vc_column_inner width=&#8221;4\/6&#8243;][vc_column_text css=&#8221;.vc_custom_1521489053863{margin-bottom: 0px !important;}&#8221;]\n<p class=\"p1\" style=\"text-align: center;\"><span class=\"s1\" style=\"color: #ffffff;\">Tu donaci\u00f3n es muy importante para nosotros, con tu ayudas podemos hacer que los sue\u00f1os de muchos se hagan realidad, ay\u00fadanos a ayudar<\/span><\/p>\n[\/vc_column_text][mk_button dimension=&#8221;flat&#8221; corner_style=&#8221;full_rounded&#8221; size=&#8221;medium&#8221; icon=&#8221;mk-moon-arrow-right-5&#8243; url=&#8221;http:\/\/www.juanguzmanfoundation.org\/donate\/?for=Sports&#8221; align=&#8221;center&#8221; margin_top=&#8221;5&#8243; margin_bottom=&#8221;20&#8243; margin_right=&#8221;0&#8243; bg_color=&#8221;#ea3029&#8243; btn_hover_bg=&#8221;#ea2019&#8243;]DONAR AHORA[\/mk_button][vc_column_text css=&#8221;.vc_custom_1521489126470{margin-bottom: 0px !important;}&#8221;]\n<p class=\"p1\" style=\"text-align: center;\"><span class=\"s1\" style=\"color: #ffffff;\"><b>Para Cheques:<\/b><br \/>\n<\/span><span class=\"s1\" style=\"color: #ffffff;\">P.O BOX 267338 Weston, Fl 33326<\/span><\/p>\n[\/vc_column_text][\/vc_column_inner][vc_column_inner width=&#8221;1\/6&#8243;][\/vc_column_inner][\/vc_row_inner][vc_raw_html el_class=&#8221;bgbird&#8221;]JTNDaW1nJTIwc3JjJTNEJTIyaHR0cCUzQSUyRiUyRmp1YW5ndXptYW5mb3VuZGF0aW9uLm9yZyUyRm5ld3NpdGUlMkZ3cC1jb250ZW50JTJGdXBsb2FkcyUyRjIwMTglMkYwMyUyRmljb25qZy5wbmclMjIlMjBzdHlsZSUzRCUyMnBvc2l0aW9uJTNBJTIwYWJzb2x1dGUlM0IlMjIlM0U=[\/vc_raw_html][\/vc_column][\/vc_row]","protected":false},"excerpt":{"rendered":"<p>[mk_page_section padding_top=&#8221;50&#8243; padding_bottom=&#8221;70&#8243; section_id=&#8221;aboutus&#8221; sidebar=&#8221;sidebar-1&#8243;][vc_column][vc_row_inner][vc_column_inner width=&#8221;5\/12&#8243;][mk_fancy_title tag_name=&#8221;span&#8221; color=&#8221;#001e54&#8243; size=&#8221;27&#8243; font_weight=&#8221;bold&#8221; margin_top=&#8221;40&#8243; margin_bottom=&#8221;12&#8243; font_family=&#8221;none&#8221;]DEPORTES[\/mk_fancy_title][mk_divider style=&#8221;thin_solid&#8221; divider_width=&#8221;custom_width&#8221; custom_width=&#8221;60&#8243; align=&#8221;left&#8221; thin_single_color=&#8221;#e22f27&#8243; thickness=&#8221;3&#8243; margin_top=&#8221;0&#8243; visibility=&#8221;hidden-sm&#8221;][vc_column_text css=&#8221;.vc_custom_1521488953282{margin-bottom: 0px !important;}&#8221;] La Fundaci\u00f3n Juan Guzm\u00e1n ofrece a los ni\u00f1os clases de entrenamiento de habilidades diarias para ayudarlos a desarrollarse en diferentes deportes: b\u00e9isbol, baloncesto, f\u00fatbol, voleybal, etc. Nuestro objetivo es generar confianza, [&hellip;]<\/p>\n","protected":false},"author":1,"featured_media":0,"parent":0,"menu_order":0,"comment_status":"closed","ping_status":"closed","template":"","meta":{"footnotes":""},"class_list":["post-241","page","type-page","status-publish","hentry"],"_links":{"self":[{"href":"https:\/\/www.juanguzmanfoundation.org\/es\/wp-json\/wp\/v2\/pages\/241","targetHints":{"allow":["GET"]}}],"collection":[{"href":"https:\/\/www.juanguzmanfoundation.org\/es\/wp-json\/wp\/v2\/pages"}],"about":[{"href":"https:\/\/www.juanguzmanfoundation.org\/es\/wp-json\/wp\/v2\/types\/page"}],"author":[{"embeddable":true,"href":"https:\/\/www.juanguzmanfoundation.org\/es\/wp-json\/wp\/v2\/users\/1"}],"replies":[{"embeddable":true,"href":"https:\/\/www.juanguzmanfoundation.org\/es\/wp-json\/wp\/v2\/comments?post=241"}],"version-history":[{"count":4,"href":"https:\/\/www.juanguzmanfoundation.org\/es\/wp-json\/wp\/v2\/pages\/241\/revisions"}],"predecessor-version":[{"id":2102,"href":"https:\/\/www.juanguzmanfoundation.org\/es\/wp-json\/wp\/v2\/pages\/241\/revisions\/2102"}],"wp:attachment":[{"href":"https:\/\/www.juanguzmanfoundation.org\/es\/wp-json\/wp\/v2\/media?parent=241"}],"curies":[{"name":"wp","href":"https:\/\/api.w.org\/{rel}","templated":true}]}}