{"id":2158,"date":"2024-03-04T16:36:46","date_gmt":"2024-03-04T16:36:46","guid":{"rendered":"https:\/\/www.juanguzmanfoundation.org\/?page_id=2158"},"modified":"2024-03-04T16:41:51","modified_gmt":"2024-03-04T16:41:51","slug":"thank-you-gracias","status":"publish","type":"page","link":"https:\/\/www.juanguzmanfoundation.org\/es\/thank-you-gracias\/","title":{"rendered":"Thank You For Your Donation! \/ \u00a1Muchas gracias por tu donaci\u00f3n!"},"content":{"rendered":"[vc_row][vc_column][vc_empty_space][vc_icon icon_fontawesome=&#8221;fa fa-thumbs-o-up&#8221; color=&#8221;black&#8221; size=&#8221;xl&#8221; align=&#8221;center&#8221;][vc_column_text css=&#8221;.vc_custom_1709570476183{margin-bottom: 0px !important;}&#8221;]\n<h3 style=\"text-align: center;\">Thank you very much for your donation!<\/h3>\n<p style=\"text-align: center;\">Your donation is crucial to providing our community with the necessary tools to create better opportunities for children in poverty in the Dominican Republic and other countries in Latin America.<\/p>\n<p style=\"text-align: center;\"><em><strong>Please note: If you decide to provide a monthly recurring donation and wish to cancel, please contact our office and we will assist you: 1-800-385-1059<\/strong><\/em><\/p>\n<p style=\"text-align: center;\"><strong>&#8211; Juan Guzman Foundation Staff<\/strong><\/p>\n<hr \/>\n<h3 style=\"text-align: center;\">\u00a1Muchas gracias por tu donaci\u00f3n!<\/h3>\n<p style=\"text-align: center;\">Su donaci\u00f3n es crucial para ayudar a nuestra comunidad las herramientas necesarias para crear mejores oportunidades para los ni\u00f1os en situaci\u00f3n de pobreza en la Rep\u00fablica Dominicana y otros pa\u00edses de Am\u00e9rica Latina.<\/p>\n<p style=\"text-align: center;\"><em><strong>Importante: si decide realizar una donaci\u00f3n mensual recurrente y desea cancelar, comun\u00edquese con nuestra oficina y lo ayudaremos: 1-800-385-1059<\/strong><\/em><\/p>\n<p style=\"text-align: center;\"><strong>&#8211; Fundaci\u00f3n Juan Guzm\u00e1n<\/strong><\/p>\n[\/vc_column_text][vc_empty_space][\/vc_column][\/vc_row]","protected":false},"excerpt":{"rendered":"<p>[vc_row][vc_column][vc_empty_space][vc_icon icon_fontawesome=&#8221;fa fa-thumbs-o-up&#8221; color=&#8221;black&#8221; size=&#8221;xl&#8221; align=&#8221;center&#8221;][vc_column_text css=&#8221;.vc_custom_1709570476183{margin-bottom: 0px !important;}&#8221;] Thank you very much for your donation! Your donation is crucial to providing our community with the necessary tools to create better opportunities for children in poverty in the Dominican Republic and other countries in Latin America. Please note: If you decide to provide a monthly [&hellip;]<\/p>\n","protected":false},"author":1,"featured_media":0,"parent":0,"menu_order":0,"comment_status":"closed","ping_status":"closed","template":"","meta":{"footnotes":""},"class_list":["post-2158","page","type-page","status-publish","hentry"],"_links":{"self":[{"href":"https:\/\/www.juanguzmanfoundation.org\/es\/wp-json\/wp\/v2\/pages\/2158","targetHints":{"allow":["GET"]}}],"collection":[{"href":"https:\/\/www.juanguzmanfoundation.org\/es\/wp-json\/wp\/v2\/pages"}],"about":[{"href":"https:\/\/www.juanguzmanfoundation.org\/es\/wp-json\/wp\/v2\/types\/page"}],"author":[{"embeddable":true,"href":"https:\/\/www.juanguzmanfoundation.org\/es\/wp-json\/wp\/v2\/users\/1"}],"replies":[{"embeddable":true,"href":"https:\/\/www.juanguzmanfoundation.org\/es\/wp-json\/wp\/v2\/comments?post=2158"}],"version-history":[{"count":6,"href":"https:\/\/www.juanguzmanfoundation.org\/es\/wp-json\/wp\/v2\/pages\/2158\/revisions"}],"predecessor-version":[{"id":2164,"href":"https:\/\/www.juanguzmanfoundation.org\/es\/wp-json\/wp\/v2\/pages\/2158\/revisions\/2164"}],"wp:attachment":[{"href":"https:\/\/www.juanguzmanfoundation.org\/es\/wp-json\/wp\/v2\/media?parent=2158"}],"curies":[{"name":"wp","href":"https:\/\/api.w.org\/{rel}","templated":true}]}}