{"id":1222,"date":"2018-04-04T22:53:53","date_gmt":"2018-04-04T22:53:53","guid":{"rendered":"http:\/\/www.juanguzmanfoundation.org\/?page_id=1222"},"modified":"2022-04-30T04:07:18","modified_gmt":"2022-04-30T04:07:18","slug":"affiliated-organizations","status":"publish","type":"page","link":"https:\/\/www.juanguzmanfoundation.org\/es\/affiliated-organizations\/","title":{"rendered":"Organizaciones Afiliadas"},"content":{"rendered":"[vc_row strip_tags=&#8221;false&#8221; tag_name=&#8221;span&#8221; style=&#8221;false&#8221; color_style=&#8221;single_color&#8221; color=&#8221;#001e54&#8243; grandient_color_from=&#8221;&#8221; grandient_color_to=&#8221;&#8221; grandient_color_style=&#8221;linear&#8221; grandient_color_angle=&#8221;vertical&#8221; grandient_color_fallback=&#8221;&#8221; size=&#8221;45&#8243; force_font_size=&#8221;false&#8221; size_smallscreen=&#8221;0&#8243; size_tablet=&#8221;0&#8243; size_phone=&#8221;0&#8243; line_height=&#8221;100&#8243; font_weight=&#8221;bold&#8221; font_style=&#8221;inherit&#8221; txt_transform=&#8221;initial&#8221; letter_spacing=&#8221;0&#8243; margin_top=&#8221;0&#8243; margin_bottom=&#8221;0&#8243; font_family=&#8221;none&#8221; font_type=&#8221;&#8221; align=&#8221;left&#8221; responsive_align=&#8221;center&#8221; drop_shadow=&#8221;false&#8221; shadow_angle=&#8221;45&#8243; shadow_distance=&#8221;8&#8243; shadow_blur=&#8221;20&#8243; shadow_color=&#8221;rgba(0,0,0,0.5)&#8221;][vc_column][mk_fancy_title tag_name=&#8221;span&#8221; color=&#8221;#001e54&#8243; size=&#8221;27&#8243; font_weight=&#8221;bold&#8221; margin_top=&#8221;35&#8243; margin_bottom=&#8221;0&#8243; font_family=&#8221;none&#8221; align=&#8221;center&#8221;]ORGANIZACIONES AFILIADAS[\/mk_fancy_title][\/vc_column][\/vc_row][vc_row][vc_column][mk_table]\n<table width=\"100%\">\n<thead>\n<tr>\n<th>DUE\u00d1O<\/th>\n<th>EQUIPO<\/th>\n<th>SECTOR<\/th>\n<\/tr>\n<\/thead>\n<tbody>\n<tr>\n<td>Joel Suarez M\u00e9ndez<\/td>\n<td>Liga Deportiva Suarez<\/td>\n<td>Manoguayabo<\/td>\n<\/tr>\n<tr>\n<td>M\u00e1ximo de Le\u00f3n P\u00e9rez<\/td>\n<td>Liga Deportiva y Cultural de Le\u00f3n<\/td>\n<td>La Venta<\/td>\n<\/tr>\n<tr>\n<td>Julio C\u00e9sar P\u00e9rez Campusano<\/td>\n<td>Academia Deportiva Rafael Mart\u00ecnez<\/td>\n<td>Manoguayabo<\/td>\n<\/tr>\n<tr>\n<td>Nelson Ger\u00f3nimo<\/td>\n<td>Dominican All Star<\/td>\n<td>Manoguayabo<\/td>\n<\/tr>\n<tr>\n<td>Rafael Suero Matos<\/td>\n<td>Liga De B\u00e9isbol Rafael Suero<\/td>\n<td>Manoguayabo<\/td>\n<\/tr>\n<tr>\n<td>Franklin Ferreira Almonte<\/td>\n<td>Liga Deportiva Los Latinos<\/td>\n<td>Manoguayabo<\/td>\n<\/tr>\n<tr>\n<td>Carlos P\u00e9rez Mena<\/td>\n<td>Programa Hermanos P\u00e9rez<\/td>\n<td>Manoguayabo<\/td>\n<\/tr>\n<tr>\n<td>Yunior Lorenzo D\u00edaz<\/td>\n<td>Academia Yunior Lorenzo<\/td>\n<td>Manoguayabo<\/td>\n<\/tr>\n<tr>\n<td>Alexis M. De los Santos Acevedo<\/td>\n<td>Acad. de Beisbol De Los Santos Monci\u00f3n<\/td>\n<td>Manoguayabo<\/td>\n<\/tr>\n<tr>\n<td>Rafael Garc\u00eda<\/td>\n<td>Programa Rafael Garc\u00eda<\/td>\n<td>Manoguayabo<\/td>\n<\/tr>\n<tr>\n<td>Antonio Guzm\u00e1n N\u00fa\u00f1ez<\/td>\n<td>Club Malanga<\/td>\n<td>Manoguayabo<\/td>\n<\/tr>\n<tr>\n<td>Jacquelin Raphael<\/td>\n<td>Futbol Las Estrellas<\/td>\n<td>Manoguayabo<\/td>\n<\/tr>\n<tr>\n<td>Jorge Beltr\u00e9<\/td>\n<td>Academia de Atletismo Coraz\u00f2n de Le\u00f2n<\/td>\n<td>Manoguayabo<\/td>\n<\/tr>\n<tr>\n<td>Ant. Vandroid Batista Mateo<\/td>\n<td>Los Atleticos de Palav\u00e8<\/td>\n<td>Palav\u00e8<\/td>\n<\/tr>\n<tr>\n<td>Ram\u00f2n Guillen<\/td>\n<td>Los Astros de Manoguayabo<\/td>\n<td>Manoguayabo<\/td>\n<\/tr>\n<tr>\n<td>Manuel Ant. De la Cruz<\/td>\n<td>Liga Manuel De la Cruz<\/td>\n<td>San Miguel<\/td>\n<\/tr>\n<tr>\n<td>Dilson Jos\u00e8 Ogando<\/td>\n<td>Los Indios<\/td>\n<td>Hato Nuevo<\/td>\n<\/tr>\n<tr>\n<td>Fernando Mesca<\/td>\n<td>Liga Deportiva Estrellas de Pala\u00e9<\/td>\n<td>Palav\u00e8<\/td>\n<\/tr>\n<tr>\n<td>Ruddy Ram\u00ecrez<\/td>\n<td>Academia Deportiva Ruddy Ram\u00edrez<\/td>\n<td>San Miguel<\/td>\n<\/tr>\n<tr>\n<td>Bernardo Jos\u00e8<\/td>\n<td>Liga Los Ranger<\/td>\n<td>Caballona<\/td>\n<\/tr>\n<tr>\n<td>Daniel Portorreal<\/td>\n<td>Liga Portorreal Antonio P\u00e9rez<\/td>\n<td>Hato Nuevo<\/td>\n<\/tr>\n<tr>\n<td>Julio Benitez<\/td>\n<td>Liga Julio Benitez<\/td>\n<td>Buenas Noches<\/td>\n<\/tr>\n<\/tbody>\n<\/table>\n[\/mk_table][\/vc_column][\/vc_row]","protected":false},"excerpt":{"rendered":"<p>[vc_row strip_tags=&#8221;false&#8221; tag_name=&#8221;span&#8221; style=&#8221;false&#8221; color_style=&#8221;single_color&#8221; color=&#8221;#001e54&#8243; grandient_color_from=&#8221;&#8221; grandient_color_to=&#8221;&#8221; grandient_color_style=&#8221;linear&#8221; grandient_color_angle=&#8221;vertical&#8221; grandient_color_fallback=&#8221;&#8221; size=&#8221;45&#8243; force_font_size=&#8221;false&#8221; size_smallscreen=&#8221;0&#8243; size_tablet=&#8221;0&#8243; size_phone=&#8221;0&#8243; line_height=&#8221;100&#8243; font_weight=&#8221;bold&#8221; font_style=&#8221;inherit&#8221; txt_transform=&#8221;initial&#8221; letter_spacing=&#8221;0&#8243; margin_top=&#8221;0&#8243; margin_bottom=&#8221;0&#8243; font_family=&#8221;none&#8221; font_type=&#8221;&#8221; align=&#8221;left&#8221; responsive_align=&#8221;center&#8221; drop_shadow=&#8221;false&#8221; shadow_angle=&#8221;45&#8243; shadow_distance=&#8221;8&#8243; shadow_blur=&#8221;20&#8243; shadow_color=&#8221;rgba(0,0,0,0.5)&#8221;][vc_column][mk_fancy_title tag_name=&#8221;span&#8221; color=&#8221;#001e54&#8243; size=&#8221;27&#8243; font_weight=&#8221;bold&#8221; margin_top=&#8221;35&#8243; margin_bottom=&#8221;0&#8243; font_family=&#8221;none&#8221; align=&#8221;center&#8221;]ORGANIZACIONES AFILIADAS[\/mk_fancy_title][\/vc_column][\/vc_row][vc_row][vc_column][mk_table] DUE\u00d1O EQUIPO SECTOR Joel Suarez M\u00e9ndez Liga Deportiva Suarez Manoguayabo M\u00e1ximo de Le\u00f3n P\u00e9rez [&hellip;]<\/p>\n","protected":false},"author":1,"featured_media":0,"parent":0,"menu_order":0,"comment_status":"closed","ping_status":"closed","template":"","meta":{"footnotes":""},"class_list":["post-1222","page","type-page","status-publish","hentry"],"_links":{"self":[{"href":"https:\/\/www.juanguzmanfoundation.org\/es\/wp-json\/wp\/v2\/pages\/1222","targetHints":{"allow":["GET"]}}],"collection":[{"href":"https:\/\/www.juanguzmanfoundation.org\/es\/wp-json\/wp\/v2\/pages"}],"about":[{"href":"https:\/\/www.juanguzmanfoundation.org\/es\/wp-json\/wp\/v2\/types\/page"}],"author":[{"embeddable":true,"href":"https:\/\/www.juanguzmanfoundation.org\/es\/wp-json\/wp\/v2\/users\/1"}],"replies":[{"embeddable":true,"href":"https:\/\/www.juanguzmanfoundation.org\/es\/wp-json\/wp\/v2\/comments?post=1222"}],"version-history":[{"count":8,"href":"https:\/\/www.juanguzmanfoundation.org\/es\/wp-json\/wp\/v2\/pages\/1222\/revisions"}],"predecessor-version":[{"id":2070,"href":"https:\/\/www.juanguzmanfoundation.org\/es\/wp-json\/wp\/v2\/pages\/1222\/revisions\/2070"}],"wp:attachment":[{"href":"https:\/\/www.juanguzmanfoundation.org\/es\/wp-json\/wp\/v2\/media?parent=1222"}],"curies":[{"name":"wp","href":"https:\/\/api.w.org\/{rel}","templated":true}]}}